{"id":1562,"date":"2011-10-21T09:25:18","date_gmt":"2011-10-21T07:25:18","guid":{"rendered":"http:\/\/kleinespechte.de\/spechtblog\/?page_id=1562"},"modified":"2025-07-03T16:43:58","modified_gmt":"2025-07-03T14:43:58","slug":"spechbacher-mittagstisch","status":"publish","type":"page","link":"https:\/\/kleinespechte.de\/spechtblog\/nach-der-schule\/spechbacher-mittagstisch\/","title":{"rendered":"Mittagstisch"},"content":{"rendered":"<p>Wir werden von der Firma Mayer Men\u00fc t\u00e4glich mit frischem Essen beliefert. Sie k\u00f6nnen am Vortag bis 13.30 Uhr in der Halle oder direkt bei Mayer men\u00fc online bestellen.<\/p>\n<p>&nbsp;<\/p>\n<p>&nbsp;<\/p>\n<div class=\"pdfprnt-buttons pdfprnt-buttons-page pdfprnt-bottom-right\"><a href=\"https:\/\/kleinespechte.de\/spechtblog\/wp-json\/wp\/v2\/pages\/1562?print=print\" class=\"pdfprnt-button pdfprnt-button-print\" target=\"_blank\" ><img decoding=\"async\" src=\"https:\/\/kleinespechte.de\/spechtblog\/wp-content\/plugins\/pdf-print\/images\/print.png\" alt=\"image_print\" title=\"Inhalt drucken\" \/><\/a><\/div>","protected":false},"excerpt":{"rendered":"<p>Wir werden von der Firma Mayer Men\u00fc t\u00e4glich mit frischem Essen beliefert. Sie k\u00f6nnen am Vortag bis 13.30 Uhr in der Halle oder direkt bei Mayer men\u00fc online bestellen. &nbsp; &nbsp;<\/p>\n","protected":false},"author":2,"featured_media":0,"parent":1569,"menu_order":0,"comment_status":"closed","ping_status":"closed","template":"","meta":{"footnotes":""},"class_list":["post-1562","page","type-page","status-publish","hentry"],"_links":{"self":[{"href":"https:\/\/kleinespechte.de\/spechtblog\/wp-json\/wp\/v2\/pages\/1562","targetHints":{"allow":["GET"]}}],"collection":[{"href":"https:\/\/kleinespechte.de\/spechtblog\/wp-json\/wp\/v2\/pages"}],"about":[{"href":"https:\/\/kleinespechte.de\/spechtblog\/wp-json\/wp\/v2\/types\/page"}],"author":[{"embeddable":true,"href":"https:\/\/kleinespechte.de\/spechtblog\/wp-json\/wp\/v2\/users\/2"}],"replies":[{"embeddable":true,"href":"https:\/\/kleinespechte.de\/spechtblog\/wp-json\/wp\/v2\/comments?post=1562"}],"version-history":[{"count":11,"href":"https:\/\/kleinespechte.de\/spechtblog\/wp-json\/wp\/v2\/pages\/1562\/revisions"}],"predecessor-version":[{"id":5399,"href":"https:\/\/kleinespechte.de\/spechtblog\/wp-json\/wp\/v2\/pages\/1562\/revisions\/5399"}],"up":[{"embeddable":true,"href":"https:\/\/kleinespechte.de\/spechtblog\/wp-json\/wp\/v2\/pages\/1569"}],"wp:attachment":[{"href":"https:\/\/kleinespechte.de\/spechtblog\/wp-json\/wp\/v2\/media?parent=1562"}],"curies":[{"name":"wp","href":"https:\/\/api.w.org\/{rel}","templated":true}]}}