{"id":1672,"date":"2011-11-23T11:00:42","date_gmt":"2011-11-23T09:00:42","guid":{"rendered":"http:\/\/kleinespechte.de\/spechtblog\/?page_id=1672"},"modified":"2025-11-05T12:07:58","modified_gmt":"2025-11-05T10:07:58","slug":"kopflause","status":"publish","type":"page","link":"https:\/\/kleinespechte.de\/spechtblog\/elterninfos\/kopflause\/","title":{"rendered":"Kopfl\u00e4use"},"content":{"rendered":"<p>RHEIN-NECKAR-KREIS<br \/>\nLANDRATSAMT<br \/>\nGesundheitsamt<br \/>\nKopfl\u00e4use<br \/>\nDienstgeb\u00e4ude:<br \/>\n69115 Heidelberg, Kurf\u00fcrstenanlage 38-40<br \/>\nTelefon-Durchwahl: 06221\/5221829<br \/>\nTelefax-Durchwahl: 06221\/52291829<br \/>\nE-Mail: sekretariat@rhein-neckar-kreis.de<br \/>\nKinder- und Jugendgesundheit<\/p>\n<p>Download der Informationen bei Kopflausbefall als pdf:<\/p>\n<p><a href=\"https:\/\/kleinespechte.de\/spechtblog\/wp-content\/uploads\/2025\/11\/kopflaeuse_ausfuehrliche_informationen.pdf\">&gt;&gt;Kopfl\u00e4use ausf\u00fchrliche informationen&lt;&lt;<\/a><\/p>\n<div class=\"pdfprnt-buttons pdfprnt-buttons-page pdfprnt-bottom-right\"><a href=\"https:\/\/kleinespechte.de\/spechtblog\/wp-json\/wp\/v2\/pages\/1672?print=print\" class=\"pdfprnt-button pdfprnt-button-print\" target=\"_blank\" ><img decoding=\"async\" src=\"https:\/\/kleinespechte.de\/spechtblog\/wp-content\/plugins\/pdf-print\/images\/print.png\" alt=\"image_print\" title=\"Inhalt drucken\" \/><\/a><\/div>","protected":false},"excerpt":{"rendered":"<p>RHEIN-NECKAR-KREIS LANDRATSAMT Gesundheitsamt Kopfl\u00e4use Dienstgeb\u00e4ude: 69115 Heidelberg, Kurf\u00fcrstenanlage 38-40 Telefon-Durchwahl: 06221\/5221829 Telefax-Durchwahl: 06221\/52291829 E-Mail: sekretariat@rhein-neckar-kreis.de Kinder- und Jugendgesundheit Download der Informationen bei Kopflausbefall als pdf: &gt;&gt;Kopfl\u00e4use ausf\u00fchrliche informationen&lt;&lt;<\/p>\n","protected":false},"author":4,"featured_media":0,"parent":112,"menu_order":6,"comment_status":"closed","ping_status":"closed","template":"","meta":{"footnotes":""},"class_list":["post-1672","page","type-page","status-publish","hentry"],"_links":{"self":[{"href":"https:\/\/kleinespechte.de\/spechtblog\/wp-json\/wp\/v2\/pages\/1672","targetHints":{"allow":["GET"]}}],"collection":[{"href":"https:\/\/kleinespechte.de\/spechtblog\/wp-json\/wp\/v2\/pages"}],"about":[{"href":"https:\/\/kleinespechte.de\/spechtblog\/wp-json\/wp\/v2\/types\/page"}],"author":[{"embeddable":true,"href":"https:\/\/kleinespechte.de\/spechtblog\/wp-json\/wp\/v2\/users\/4"}],"replies":[{"embeddable":true,"href":"https:\/\/kleinespechte.de\/spechtblog\/wp-json\/wp\/v2\/comments?post=1672"}],"version-history":[{"count":11,"href":"https:\/\/kleinespechte.de\/spechtblog\/wp-json\/wp\/v2\/pages\/1672\/revisions"}],"predecessor-version":[{"id":5498,"href":"https:\/\/kleinespechte.de\/spechtblog\/wp-json\/wp\/v2\/pages\/1672\/revisions\/5498"}],"up":[{"embeddable":true,"href":"https:\/\/kleinespechte.de\/spechtblog\/wp-json\/wp\/v2\/pages\/112"}],"wp:attachment":[{"href":"https:\/\/kleinespechte.de\/spechtblog\/wp-json\/wp\/v2\/media?parent=1672"}],"curies":[{"name":"wp","href":"https:\/\/api.w.org\/{rel}","templated":true}]}}