{"id":171,"date":"2009-12-15T22:22:46","date_gmt":"2009-12-15T20:22:46","guid":{"rendered":"http:\/\/kleinespechte.de\/spechtblog\/?page_id=171"},"modified":"2025-11-02T12:03:23","modified_gmt":"2025-11-02T10:03:23","slug":"schul-und-hausordnung","status":"publish","type":"page","link":"https:\/\/kleinespechte.de\/spechtblog\/schulportfolio\/schul-und-hausordnung\/","title":{"rendered":"Schul- u. Hausordnung"},"content":{"rendered":"<p><strong><span style=\"text-decoration: underline;\"><strong>Schul- und Hausordnung der GS Spechbach <\/strong><\/span><\/strong><\/p>\n<p><strong>Unsere Schule ist ein Ort, an dem viele unterschiedliche Kinder und Erwachsene fast t\u00e4glich einen gro\u00dfen Teil des Tages miteinander verbringen. <\/strong><\/p>\n<p><strong>Damit sich in dieser Zeit alle wohl f\u00fchlen und in Ruhe lernen k\u00f6nnen, m\u00fcssen wir uns an Regeln f\u00fcr unser Zusammensein halten. <\/strong><\/p>\n<p><strong>Wir alle tragen die Verantwortung f\u00fcr ein friedliches Miteinander gemeinsam. <\/strong><\/p>\n<p><strong>I\u00a0\u00a0\u00a0\u00a0\u00a0\u00a0\u00a0\u00a0\u00a0\u00a0 <span style=\"text-decoration: underline;\">Allgemeine Verhaltensregeln <\/span><\/strong><\/p>\n<p>&nbsp;<\/p>\n<ol>\n<li>Alle am Schulleben Beteiligten sollen freundlich miteinander umgehen, R\u00fccksicht aufeinander nehmen und sich m\u00f6glichst gegenseitig unterst\u00fctzen und helfen.<\/li>\n<li>Wir verhalten uns stets so, dass wir Mitsch\u00fcler\/ innen nicht st\u00f6ren, beleidigen oder \u00e4rgern und uns oder andere nicht behindern oder gef\u00e4hrden.<\/li>\n<li>An die Anweisungen der Schulleitung und der Lehrer\/ innen haben wir uns zu halten.<\/li>\n<li>Wir halten das Schulgel\u00e4nde und das Schulgeb\u00e4ude sauber.<\/li>\n<li>Wir achten gemeinsam auf sparsamen Umgang mit Strom und Wasser.<\/li>\n<li>Wir kommen p\u00fcnktlich zur Schule (5 Minuten vor Unterrichtsbeginn).<\/li>\n<li>Gegenst\u00e4nde, die andere verletzen k\u00f6nnen oder den Unterricht st\u00f6ren, d\u00fcrfen nicht mit zur Schule gebracht werden (Waffen jeder Art, Feuerzeuge oder Streichh\u00f6lzer, Knallk\u00f6rper, MP3 Player oder andere elektronische Ger\u00e4te).<\/li>\n<li>Mobiltelefone m\u00fcssen w\u00e4hrend der Schulzeit aus sein und verbleiben im Ranzen. Eine Haftung der Schule bei Verlust ist ausgeschlossen.<\/li>\n<li>Wenn wir mit dem Fahrrad zur Schule kommen, muss dieses verkehrssicher sein.<\/li>\n<li>Fahrzeuge aller Art (z.B. Roller oder Inliner) d\u00fcrfen auf dem Schulgel\u00e4nde nicht benutzt werden.<\/li>\n<li>Wertgegenst\u00e4nde sollen nicht mitgebracht werden. Fundgegenst\u00e4nde werden bei der Schulleitung abgegeben. Diebst\u00e4hle und Sachbesch\u00e4digungen sind sofort dem Klassenlehrer\/ oder der Schulleitung anzuzeigen. Bei vors\u00e4tzlicher oder fahrl\u00e4ssiger Besch\u00e4digung des Eigentums der Schule, fremden Eigentums oder Verletzung eines Schulangeh\u00f6rigen ist der\/ die Schuldige bzw. sind die Erziehungsberechtigten zu vollem Schadensersatz verpflichtet.<\/li>\n<li>W\u00e4hrend der Pausen und w\u00e4hrend der Unterrichtszeit d\u00fcrfen die Sch\u00fcler\/ innen nur mit\u00a0 der Zustimmung des Klassenlehrers oder der Aufsicht f\u00fchrenden Lehrkraft das Schulgel\u00e4nde verlassen.<\/li>\n<\/ol>\n<p><strong>II\u00a0\u00a0\u00a0\u00a0\u00a0\u00a0\u00a0\u00a0\u00a0 <span style=\"text-decoration: underline;\">Verhalten im Schulgeb\u00e4ude <\/span><\/strong><\/p>\n<ol>\n<li>Besonders w\u00e4hrend der Unterrichtszeit muss in den Fluren Ruhe herrschen. Es darf nicht gerannt oder gel\u00e4rmt werden.<\/li>\n<li>Die Schultoiletten sind keine Aufenthaltsr\u00e4ume. Wir halten die Toiletten sauber und verstopfen sie nicht. Wir d\u00fcrfen nicht \u00fcber die Toilettentrennw\u00e4nde klettern bzw. uns drunter schieben.<\/li>\n<li>Die Notausg\u00e4nge d\u00fcrfen nur im Notfall benutzt werden.<\/li>\n<li>Wir klettern nicht auf das Treppenhausgel\u00e4nder und werfen auch nichts hinunter.<\/li>\n<\/ol>\n<p><strong>III\u00a0\u00a0\u00a0\u00a0\u00a0\u00a0\u00a0\u00a0 <span style=\"text-decoration: underline;\">Verhalten im Klassenraum <\/span><\/strong><\/p>\n<p>&nbsp;<\/p>\n<ol>\n<li>F\u00fcr das ordentliche Aussehen des Klassenraumes sind wir mit verantwortlich. Deshalb behandeln wir M\u00f6bel und Materialien sorgsam.<\/li>\n<li>In den Klassenr\u00e4umen darf nicht getobt werden, da die Verletzungsgefahr zu gro\u00df ist.<\/li>\n<li>Nach der Pause besch\u00e4ftigen wir uns ruhig, bis die Lehrkraft erscheint.<\/li>\n<li>Wir sortieren den M\u00fcll in die entsprechend gekennzeichneten M\u00fclltonnen.<\/li>\n<li>Nach dem Unterrichtstag r\u00e4umen wir unseren Platz auf.<\/li>\n<li>Nach Unterrichtsende begeben wir uns umgehend auf dem Heimweg.<\/li>\n<li>Zus\u00e4tzliche Abmachungen werden \u00fcber die Klassenordnung geregelt.<\/li>\n<\/ol>\n<p><strong>IV\u00a0\u00a0\u00a0\u00a0\u00a0\u00a0\u00a0 <span style=\"text-decoration: underline;\">Verhalten auf dem Schulhof <\/span><\/strong><\/p>\n<p>&nbsp;<\/p>\n<ol>\n<li>Zu Beginn der Pause verlassen wir den Unterrichtsraum und begeben uns ohne Verz\u00f6gerung auf den Pausenhof. Die Aufsicht f\u00fchrende Lehrkraft entscheidet jeweils, welcher Schulhof benutzt wird.<\/li>\n<li>Bei angesagten Regenpausen bleiben wir im Klassenzimmer und besch\u00e4ftigen uns mit den dort angebotenen Materialien.<\/li>\n<li>Vier vom Klassenlehrer der 4. Klasse beauftragten Sch\u00fcler\/innen sind f\u00fcr die Absperrung der Stra\u00dfe zwischen den beiden Pausenbereichen zust\u00e4ndig.<\/li>\n<li>W\u00e4hrend der Pause bleiben wir auf dem Schulhof, die Toiletten suchen wir vorher oder nachher auf.<\/li>\n<li>Das Verlassen des Schulgel\u00e4ndes ist w\u00e4hrend der Pausen untersagt.<\/li>\n<li>Der Aufenthalt bei den parkenden Autos ist nicht gestattet.<\/li>\n<li>Da jeder das Recht auf eine erholsame Pause hat, verhalten wir uns auch bei Pausenspielen so, dass keiner gest\u00f6rt oder verletzt werden kann.<\/li>\n<li>Geliehene Spielsachen geben wir nach Gebrauch wieder am Spieleraum ab.<\/li>\n<li>An den Ger\u00e4ten auf dem Spielplatz wechseln wir uns regelm\u00e4\u00dfig ab und verhalten uns r\u00fccksichtsvoll.<\/li>\n<li>Wir werfen und kicken nicht mit harten Gegenst\u00e4nden (z.B. Steine, \u00c4pfel, Kastanien, Turnbeutel) und im Winter werfen wir nicht mit Schneeb\u00e4llen.<\/li>\n<li>Wir bem\u00fchen uns, unseren Schulhof stets in einem sauberen und gepflegten Zustand zu erhalten.<\/li>\n<li>Nach der Pause sammeln wir uns auf dem Schulhof, stellen uns auf und gehen langsam und ruhig in unsere Klassenr\u00e4ume.<\/li>\n<\/ol>\n<p><strong>V\u00a0\u00a0\u00a0\u00a0\u00a0\u00a0\u00a0\u00a0 <span style=\"text-decoration: underline;\">Verhalten in der Turn- und Schwimmhalle<\/span><\/strong><\/p>\n<ol>\n<li>Die Turn- und Schwimmhalle d\u00fcrfen wir aus Sicherheitsgr\u00fcnden nur in Begleitung der Lehrkraft betreten.<\/li>\n<li>Vor Beginn der Sportstunde ziehen wir uns in den Umkleider\u00e4umen geeignete Sportkleidung an. Stra\u00dfenschuhe sind in der Sporthalle verboten<\/li>\n<li>Im Sportunterricht ist besondere R\u00fccksicht erforderlich. Deshalb m\u00fcssen wir die Anweisungen der Lehrkraft ganz besonders beachten, um Gefahren zu verringern und um Unf\u00e4lle zu vermeiden.<\/li>\n<li>Sportger\u00e4te werden nur unter Aufsicht der Lehrkraft aufgestellt, benutzt und ordnungsgem\u00e4\u00df wegger\u00e4umt.<\/li>\n<\/ol>\n<p>F\u00fcr den Schwimmunterricht gelten zus\u00e4tzlich die Richtlinien der Schwimmbadordnung<\/p>\n<p>Diese Schul- und Hausordnung gilt f\u00fcr alle Kinder und Erwachsenen unserer Schule.<\/p>\n<p>Besondere Ordnungen (z.B. Alarmplan, Hygieneplan, Krisenplan) erg\u00e4nzen diese Ordnung. Dar\u00fcber hinaus gehende gesetzliche Regelungen oder Verordnungen werden durch diese Schul- und Hausordnung nicht ber\u00fchrt.<\/p>\n<p>Wer gegen diese Schul- und Hausordnung verst\u00f6\u00dft, muss mit Konsequenzen rechnen. \u00dcber die Art der Ma\u00dfnahmen entscheiden unsere Lehrer.<\/p>\n<p>Diese Schul- und Hausordnung wurde zu Beginn des Schuljahres 2008\/09 von der Gesamtlehrer- und Schulkonferenz beschlossen.<\/p>\n<p>Sie trat am 03.11.2008 in Kraft<\/p>\n<p>_____________________________<\/p>\n<p>Keilhauer, Rektor<\/p>\n<div class=\"pdfprnt-buttons pdfprnt-buttons-page pdfprnt-bottom-right\"><a href=\"https:\/\/kleinespechte.de\/spechtblog\/wp-json\/wp\/v2\/pages\/171?print=print\" class=\"pdfprnt-button pdfprnt-button-print\" target=\"_blank\" ><img decoding=\"async\" src=\"https:\/\/kleinespechte.de\/spechtblog\/wp-content\/plugins\/pdf-print\/images\/print.png\" alt=\"image_print\" title=\"Inhalt drucken\" \/><\/a><\/div>","protected":false},"excerpt":{"rendered":"<p>Schul- und Hausordnung der GS Spechbach Unsere Schule ist ein Ort, an dem viele unterschiedliche Kinder und Erwachsene fast t\u00e4glich einen gro\u00dfen Teil des Tages miteinander verbringen. Damit sich in dieser Zeit alle wohl f\u00fchlen und in Ruhe lernen k\u00f6nnen, m\u00fcssen wir uns an Regeln f\u00fcr unser Zusammensein halten. Wir alle tragen die Verantwortung f\u00fcr &hellip; <\/p>\n<p class=\"link-more\"><a href=\"https:\/\/kleinespechte.de\/spechtblog\/schulportfolio\/schul-und-hausordnung\/\" class=\"more-link\"><span class=\"screen-reader-text\">\u201eSchul- u. Hausordnung\u201c <\/span>weiterlesen<\/a><\/p>\n","protected":false},"author":4,"featured_media":0,"parent":16,"menu_order":5,"comment_status":"closed","ping_status":"closed","template":"","meta":{"footnotes":""},"class_list":["post-171","page","type-page","status-publish","hentry"],"_links":{"self":[{"href":"https:\/\/kleinespechte.de\/spechtblog\/wp-json\/wp\/v2\/pages\/171","targetHints":{"allow":["GET"]}}],"collection":[{"href":"https:\/\/kleinespechte.de\/spechtblog\/wp-json\/wp\/v2\/pages"}],"about":[{"href":"https:\/\/kleinespechte.de\/spechtblog\/wp-json\/wp\/v2\/types\/page"}],"author":[{"embeddable":true,"href":"https:\/\/kleinespechte.de\/spechtblog\/wp-json\/wp\/v2\/users\/4"}],"replies":[{"embeddable":true,"href":"https:\/\/kleinespechte.de\/spechtblog\/wp-json\/wp\/v2\/comments?post=171"}],"version-history":[{"count":5,"href":"https:\/\/kleinespechte.de\/spechtblog\/wp-json\/wp\/v2\/pages\/171\/revisions"}],"predecessor-version":[{"id":5487,"href":"https:\/\/kleinespechte.de\/spechtblog\/wp-json\/wp\/v2\/pages\/171\/revisions\/5487"}],"up":[{"embeddable":true,"href":"https:\/\/kleinespechte.de\/spechtblog\/wp-json\/wp\/v2\/pages\/16"}],"wp:attachment":[{"href":"https:\/\/kleinespechte.de\/spechtblog\/wp-json\/wp\/v2\/media?parent=171"}],"curies":[{"name":"wp","href":"https:\/\/api.w.org\/{rel}","templated":true}]}}