{"id":174,"date":"2009-12-15T23:08:29","date_gmt":"2009-12-15T21:08:29","guid":{"rendered":"http:\/\/kleinespechte.de\/spechtblog\/?page_id=174"},"modified":"2025-11-02T11:56:33","modified_gmt":"2025-11-02T09:56:33","slug":"allgem-hinweise","status":"publish","type":"page","link":"https:\/\/kleinespechte.de\/spechtblog\/elterninfos\/allgem-hinweise\/","title":{"rendered":"Allgemeine Hinweise"},"content":{"rendered":"<p><span style=\"text-decoration: underline;\">Nicht nur, aber besonders f\u00fcr Schulanf\u00e4nger<\/span><\/p>\n<p><strong><span style=\"text-decoration: underline;\">Schulweg<\/span><\/strong><strong><span style=\"text-decoration: underline;\"><br \/>\n<\/span><\/strong>In den ersten Tagen werden die Kinder meist noch von den Eltern zur Schule gebracht und abgeholt. Erkl\u00e4ren Sie Ihrem Kind den Schulweg genau, weisen Sie auf Gefahrenpunkte hin und \u00fcben Sie mit dem Kind gemeinsam das Verhalten auf dem Schulweg ein. Achten Sie darauf, dass Ihr Kind immer einen bestimmten Schulweg geht. Der k\u00fcrzeste Weg ist nicht immer der sicherste.<strong><span style=\"text-decoration: underline;\"><br \/>\n<\/span><\/strong><strong><span style=\"text-decoration: underline;\"><br \/>\n<\/span><\/strong><strong><span style=\"text-decoration: underline;\">Stundentafel und Unterrichtszeiten<\/span><\/strong><br \/>\nBitte achten Sie darauf, dass Ihr Kind p\u00fcnktlich zur Schule kommt,<br \/>\nnicht zu sp\u00e4t, aber auch nicht zu fr\u00fch.<\/p>\n<p>Unterrichtsbeginn 1. Stunde : 8.00 Uhr, Unterrichtsbeginn 2. Stunde : 8.45 Uhr Unterrichtsende 5. Stunde: 12.10 Uhr, Unterrichtsende 6. Stunde: 13.00 Uhr.<\/p>\n<p>Die Zeit der &#8222;verl\u00e4sslichen Grundschule&#8220; bezieht sich auf die 2. -5. Stunde.<\/p>\n<p><strong><span style=\"text-decoration: underline;\">F\u00e4cher<\/span><\/strong><br \/>\nF\u00fcr die einzelnen Lernbereiche sind Abk\u00fcrzungen \u00fcblich: D: Deutsch; M: Mathematik; E: Englisch, Su: Sachunterricht, M: Musik und BK: Bildende Kunst; BSS: Bewegung, Sport und Spiel. Im 1. Schuljahr wird der Unterricht bei der Klassenlehrerin als Anfangsunterricht (AU oder GU) auf dem Stundenplan ausgewiesen, nur Fachlehrerstunden sind getrennt aufgef\u00fchrt.<br \/>\nAm F\u00f6rderunterricht nimmt ggf. nur eine Gruppe der Klasse teil. Welche Kinder gef\u00f6rdert werden legen der\/die Klassen- oder Fachlehrerinnen fest.<\/p>\n<p><strong><span style=\"text-decoration: underline;\">Schulb\u00fccher<\/span><\/strong><br \/>\nVon der Schule beschaffte B\u00fccher werden f\u00fcr die Dauer eines Jahres ausgeliehen. Sie sind pfleglich zu behandeln, denn sie m\u00fcssen l\u00e4nger als ein Jahr halten. Bitte versehen Sie diese B\u00fccher umgehend mit einem Schutzumschlag und schreiben Sie deutlich den Namen ihres Kindes hinein. Bei Besch\u00e4digung oder Verlust eines Buches muss Ersatz geleistet werden.<\/p>\n<p>&nbsp;<\/p>\n<p><strong><span style=\"text-decoration: underline;\">Ausstattung<\/span><\/strong><br \/>\nDie Ausstattung der Schulanf\u00e4nger entnehmen Sie bitte der gesonderten Liste, die Ihnen vor Schulanfang zugestellt wird.<\/p>\n<p><strong><span style=\"text-decoration: underline;\">Besondere Einrichtungen <\/span><\/strong><\/p>\n<ul>\n<li><b><u>Kernzeit<\/u><\/b><\/li>\n<\/ul>\n<p>Morgens ab 7.20 Uhr und nach der Schule kann ihr Kind bis 16.00 Uhr gegen Geb\u00fchr beaufsichtigt werden. N\u00e4here Infos hierzu erhalten Sie beim \u00f6rtlichen Rathaus.<\/p>\n<ul>\n<li><strong><span style=\"text-decoration: underline;\">F\u00f6rderverein<\/span><\/strong><br \/>\nEltern der Schule haben einen Verein gegr\u00fcndet, um das Lernen der Kinder durch den Kauf von Arbeitsmaterialien, B\u00fccher, Computern, Pausenspielzeug und vielen anderen Dingen zu unterst\u00fctzen. Sie organisieren und helfen bei Schulfesten mit und finanzieren Theater, Schulfahrten &#8230;. &#8211; dadurch leistet der Verein einen nicht zu untersch\u00e4tzenden Beitrag &#8211; finanziell aber auch kulturell.<\/li>\n<\/ul>\n<p><strong><span style=\"text-decoration: underline;\">Krankheit oder Beurlaubung<\/span><\/strong><strong><span style=\"text-decoration: underline;\"><br \/>\n<\/span><\/strong>Sollte Ihr Kind einmal die Schule nicht besuchen k\u00f6nnen, muss die Schule unverz\u00fcglich informiert werden. Sprechen Sie dazu bitte eine Nachricht auf den Anrufbeantworter des Schultelefons (06226 40035).<br \/>\nWenn Ihr Kind aus gesundheitlichen Gr\u00fcnden nicht am Sportunterricht oder am Schwimmen teilnehmen darf, ben\u00f6tigen wir ebenfalls eine Entschuldigung. Beurlaubungen sind grunds\u00e4tzlich sp\u00e4testens eine Woche vorher mit Begr\u00fcndung bei der Klassenlehrerin zu beantragen (pers\u00f6nlich oder schriftlich).<br \/>\nDirekt vor und nach den Ferien sind Beurlaubungen verboten.\u00a0 Es herrscht Schulpflicht!<\/p>\n<p>&nbsp;<\/p>\n<p><strong><span style=\"text-decoration: underline;\">Bitte beachten Sie auch die meldepflichtigen Krankheiten!<\/span><\/strong><\/p>\n<p><strong><span style=\"text-decoration: underline;\"> Lehrer<\/span><\/strong><strong><span style=\"text-decoration: underline;\"><br \/>\n<\/span><\/strong>Wir bitten um Verst\u00e4ndnis, dass die\u00a0 Lehrerinnen vor und w\u00e4hrend des Unterrichts sowie in ihrer Hofaufsicht au\u00dfer in dringenden Ausnahmef\u00e4llen nicht zu sprechen sind.<br \/>\nIn den Pausen k\u00f6nnen ausschlie\u00dflich kurze Mitteilungen entgegen genommen werden.<br \/>\nSollten Sie ein l\u00e4ngeres Gespr\u00e4ch w\u00fcnschen, greifen Sie bitte auf die Sprechstunde der Kollegen\/Kollegin zur\u00fcck.<br \/>\nDie Sprechzeiten werden Ihnen am ersten Elternabend bekannt gegeben.<\/p>\n<p><strong><span style=\"text-decoration: underline;\">Zum Schluss noch eine Bitte:<\/span><\/strong> Zum Schulanfang bringen viele Eltern ihr Kind bis zum Schulgeb\u00e4ude. Das ist gerade in den ersten Wochen sinnvoll, bis das Kind alle Wege kennt und sich schon in der neuen Umgebung orientiert hat. Sie sollten aber auch bald den Zeitpunkt finden, an dem Sie Ihrem Kind selbstverantwortliches Handeln erm\u00f6glichen und sich zur\u00fcckziehen.<\/p>\n<p><strong>Die Selbstst\u00e4ndigkeit Ihres Kindes ist ein wichtiges Erziehungsziel.<\/strong><\/p>\n<div class=\"pdfprnt-buttons pdfprnt-buttons-page pdfprnt-bottom-right\"><a href=\"https:\/\/kleinespechte.de\/spechtblog\/wp-json\/wp\/v2\/pages\/174?print=print\" class=\"pdfprnt-button pdfprnt-button-print\" target=\"_blank\" ><img decoding=\"async\" src=\"https:\/\/kleinespechte.de\/spechtblog\/wp-content\/plugins\/pdf-print\/images\/print.png\" alt=\"image_print\" title=\"Inhalt drucken\" \/><\/a><\/div>","protected":false},"excerpt":{"rendered":"<p>Nicht nur, aber besonders f\u00fcr Schulanf\u00e4nger Schulweg In den ersten Tagen werden die Kinder meist noch von den Eltern zur Schule gebracht und abgeholt. Erkl\u00e4ren Sie Ihrem Kind den Schulweg genau, weisen Sie auf Gefahrenpunkte hin und \u00fcben Sie mit dem Kind gemeinsam das Verhalten auf dem Schulweg ein. Achten Sie darauf, dass Ihr Kind &hellip; <\/p>\n<p class=\"link-more\"><a href=\"https:\/\/kleinespechte.de\/spechtblog\/elterninfos\/allgem-hinweise\/\" class=\"more-link\"><span class=\"screen-reader-text\">\u201eAllgemeine Hinweise\u201c <\/span>weiterlesen<\/a><\/p>\n","protected":false},"author":4,"featured_media":0,"parent":112,"menu_order":4,"comment_status":"closed","ping_status":"closed","template":"","meta":{"footnotes":""},"class_list":["post-174","page","type-page","status-publish","hentry"],"_links":{"self":[{"href":"https:\/\/kleinespechte.de\/spechtblog\/wp-json\/wp\/v2\/pages\/174","targetHints":{"allow":["GET"]}}],"collection":[{"href":"https:\/\/kleinespechte.de\/spechtblog\/wp-json\/wp\/v2\/pages"}],"about":[{"href":"https:\/\/kleinespechte.de\/spechtblog\/wp-json\/wp\/v2\/types\/page"}],"author":[{"embeddable":true,"href":"https:\/\/kleinespechte.de\/spechtblog\/wp-json\/wp\/v2\/users\/4"}],"replies":[{"embeddable":true,"href":"https:\/\/kleinespechte.de\/spechtblog\/wp-json\/wp\/v2\/comments?post=174"}],"version-history":[{"count":10,"href":"https:\/\/kleinespechte.de\/spechtblog\/wp-json\/wp\/v2\/pages\/174\/revisions"}],"predecessor-version":[{"id":5485,"href":"https:\/\/kleinespechte.de\/spechtblog\/wp-json\/wp\/v2\/pages\/174\/revisions\/5485"}],"up":[{"embeddable":true,"href":"https:\/\/kleinespechte.de\/spechtblog\/wp-json\/wp\/v2\/pages\/112"}],"wp:attachment":[{"href":"https:\/\/kleinespechte.de\/spechtblog\/wp-json\/wp\/v2\/media?parent=174"}],"curies":[{"name":"wp","href":"https:\/\/api.w.org\/{rel}","templated":true}]}}