{"id":400,"date":"2010-02-03T14:55:40","date_gmt":"2010-02-03T12:55:40","guid":{"rendered":"http:\/\/kleinespechte.de\/spechtblog\/?page_id=400"},"modified":"2016-11-09T10:57:06","modified_gmt":"2016-11-09T08:57:06","slug":"stifthaltung","status":"publish","type":"page","link":"https:\/\/kleinespechte.de\/spechtblog\/die-zeit-vor-dem-schulbeginn\/stifthaltung\/","title":{"rendered":"Stifthaltung"},"content":{"rendered":"<p><strong>Stifthaltung<\/strong><\/p>\n<p>&nbsp;<\/p>\n<p>Bereits im Kleinkindalter beginnen Kinder mit Stiften zu malen und zu schreiben. Bitte achten Sie fr\u00fch auf eine korrekte Stifthaltung. Dies ist wichtig, damit ihr Kind sp\u00e4ter lange und erm\u00fcdungsarm schreiben kann und keine Verkrampfungen in der Muskulatur oder eine schnelle Erm\u00fcdung der Hand erleidet.<\/p>\n<p>Hier einige Tipps:<\/p>\n<ul>\n<li>Dreiecksstifte oder -Stifte mit einem \u201eDrei-Punkt-Griff\u201c erleichtern die richtige Haltung<\/li>\n<li>Dicke Stifte sind einfacher zu halten als d\u00fcnne.\u00a0 Es gibt f\u00fcr alle Stifte Aufs\u00e4tze aus Gummi im Fachgesch\u00e4ft, die die richtige Haltung ebenfalls anbahnen.<\/li>\n<\/ul>\n<p>Bei l\u00e4ngerem Schreiben ist auch eine richtige Sitzhaltung wichtig. Das Gesundheitsamt empfiehlt hierzu:<\/p>\n<ul>\n<li>Die Schreibtischh\u00f6he sollte so gew\u00e4hlt werden, dass der Ellenbogen Ihres Kindes sich in H\u00f6he der Tischplatte oder leicht darunter befindet.<\/li>\n<li>Die F\u00fc\u00dfe Ihres Kindes sollten den Boden ber\u00fchren, die Knie dabei im rechten Winkel stehen.<\/li>\n<li>Optimal ist eine schr\u00e4ge Tischplatte von mindestens 16\u00b0 Neigung.<\/li>\n<\/ul>\n<div class=\"pdfprnt-buttons pdfprnt-buttons-page pdfprnt-bottom-right\"><a href=\"https:\/\/kleinespechte.de\/spechtblog\/wp-json\/wp\/v2\/pages\/400?print=print\" class=\"pdfprnt-button pdfprnt-button-print\" target=\"_blank\" ><img decoding=\"async\" src=\"https:\/\/kleinespechte.de\/spechtblog\/wp-content\/plugins\/pdf-print\/images\/print.png\" alt=\"image_print\" title=\"Inhalt drucken\" \/><\/a><\/div>","protected":false},"excerpt":{"rendered":"<p>Stifthaltung &nbsp; Bereits im Kleinkindalter beginnen Kinder mit Stiften zu malen und zu schreiben. Bitte achten Sie fr\u00fch auf eine korrekte Stifthaltung. Dies ist wichtig, damit ihr Kind sp\u00e4ter lange und erm\u00fcdungsarm schreiben kann und keine Verkrampfungen in der Muskulatur oder eine schnelle Erm\u00fcdung der Hand erleidet. Hier einige Tipps: Dreiecksstifte oder -Stifte mit einem &hellip; <\/p>\n<p class=\"link-more\"><a href=\"https:\/\/kleinespechte.de\/spechtblog\/die-zeit-vor-dem-schulbeginn\/stifthaltung\/\" class=\"more-link\"><span class=\"screen-reader-text\">\u201eStifthaltung\u201c <\/span>weiterlesen<\/a><\/p>\n","protected":false},"author":4,"featured_media":0,"parent":144,"menu_order":1,"comment_status":"closed","ping_status":"closed","template":"","meta":{"footnotes":""},"class_list":["post-400","page","type-page","status-publish","hentry"],"_links":{"self":[{"href":"https:\/\/kleinespechte.de\/spechtblog\/wp-json\/wp\/v2\/pages\/400","targetHints":{"allow":["GET"]}}],"collection":[{"href":"https:\/\/kleinespechte.de\/spechtblog\/wp-json\/wp\/v2\/pages"}],"about":[{"href":"https:\/\/kleinespechte.de\/spechtblog\/wp-json\/wp\/v2\/types\/page"}],"author":[{"embeddable":true,"href":"https:\/\/kleinespechte.de\/spechtblog\/wp-json\/wp\/v2\/users\/4"}],"replies":[{"embeddable":true,"href":"https:\/\/kleinespechte.de\/spechtblog\/wp-json\/wp\/v2\/comments?post=400"}],"version-history":[{"count":4,"href":"https:\/\/kleinespechte.de\/spechtblog\/wp-json\/wp\/v2\/pages\/400\/revisions"}],"predecessor-version":[{"id":3764,"href":"https:\/\/kleinespechte.de\/spechtblog\/wp-json\/wp\/v2\/pages\/400\/revisions\/3764"}],"up":[{"embeddable":true,"href":"https:\/\/kleinespechte.de\/spechtblog\/wp-json\/wp\/v2\/pages\/144"}],"wp:attachment":[{"href":"https:\/\/kleinespechte.de\/spechtblog\/wp-json\/wp\/v2\/media?parent=400"}],"curies":[{"name":"wp","href":"https:\/\/api.w.org\/{rel}","templated":true}]}}