{"id":441,"date":"2010-02-13T11:43:20","date_gmt":"2010-02-13T09:43:20","guid":{"rendered":"http:\/\/kleinespechte.de\/spechtblog\/?page_id=441"},"modified":"2025-03-13T11:53:16","modified_gmt":"2025-03-13T09:53:16","slug":"termine-weiterfuehrende-schulen","status":"publish","type":"page","link":"https:\/\/kleinespechte.de\/spechtblog\/termine-2\/termine-weiterfuehrende-schulen\/","title":{"rendered":"Weiterf\u00fchrende Schulen"},"content":{"rendered":"<p>Spechbach liegt im Einzugsgebiet mehrerer weiterf\u00fchrenden Schulen. Diese Schulen bieten alle Informationsveranstaltungen an, an denen sie sich den Kindern und Eltern pr\u00e4sentieren.<\/p>\n<p>Die Links zu den entsprechenden Schulen finden Sie auf der Homepage Startseite an der rechten Tabelle.<\/p>\n<pre><\/pre>\n<div class=\"pdfprnt-buttons pdfprnt-buttons-page pdfprnt-bottom-right\"><a href=\"https:\/\/kleinespechte.de\/spechtblog\/wp-json\/wp\/v2\/pages\/441?print=print\" class=\"pdfprnt-button pdfprnt-button-print\" target=\"_blank\" ><img decoding=\"async\" src=\"https:\/\/kleinespechte.de\/spechtblog\/wp-content\/plugins\/pdf-print\/images\/print.png\" alt=\"image_print\" title=\"Inhalt drucken\" \/><\/a><\/div>","protected":false},"excerpt":{"rendered":"<p>Spechbach liegt im Einzugsgebiet mehrerer weiterf\u00fchrenden Schulen. Diese Schulen bieten alle Informationsveranstaltungen an, an denen sie sich den Kindern und Eltern pr\u00e4sentieren. Die Links zu den entsprechenden Schulen finden Sie auf der Homepage Startseite an der rechten Tabelle.<\/p>\n","protected":false},"author":4,"featured_media":0,"parent":649,"menu_order":30,"comment_status":"closed","ping_status":"closed","template":"","meta":{"footnotes":""},"class_list":["post-441","page","type-page","status-publish","hentry"],"_links":{"self":[{"href":"https:\/\/kleinespechte.de\/spechtblog\/wp-json\/wp\/v2\/pages\/441","targetHints":{"allow":["GET"]}}],"collection":[{"href":"https:\/\/kleinespechte.de\/spechtblog\/wp-json\/wp\/v2\/pages"}],"about":[{"href":"https:\/\/kleinespechte.de\/spechtblog\/wp-json\/wp\/v2\/types\/page"}],"author":[{"embeddable":true,"href":"https:\/\/kleinespechte.de\/spechtblog\/wp-json\/wp\/v2\/users\/4"}],"replies":[{"embeddable":true,"href":"https:\/\/kleinespechte.de\/spechtblog\/wp-json\/wp\/v2\/comments?post=441"}],"version-history":[{"count":13,"href":"https:\/\/kleinespechte.de\/spechtblog\/wp-json\/wp\/v2\/pages\/441\/revisions"}],"predecessor-version":[{"id":5340,"href":"https:\/\/kleinespechte.de\/spechtblog\/wp-json\/wp\/v2\/pages\/441\/revisions\/5340"}],"up":[{"embeddable":true,"href":"https:\/\/kleinespechte.de\/spechtblog\/wp-json\/wp\/v2\/pages\/649"}],"wp:attachment":[{"href":"https:\/\/kleinespechte.de\/spechtblog\/wp-json\/wp\/v2\/media?parent=441"}],"curies":[{"name":"wp","href":"https:\/\/api.w.org\/{rel}","templated":true}]}}