{"id":5219,"date":"2024-08-22T14:24:31","date_gmt":"2024-08-22T12:24:31","guid":{"rendered":"https:\/\/kleinespechte.de\/spechtblog\/?page_id=5219"},"modified":"2024-08-22T14:25:27","modified_gmt":"2024-08-22T12:25:27","slug":"verhalten-von-autofahrern-an-bushaltestellen","status":"publish","type":"page","link":"https:\/\/kleinespechte.de\/spechtblog\/elterninfos\/verhalten-von-autofahrern-an-bushaltestellen\/","title":{"rendered":"Verhalten von Autofahrern an Bushaltestellen"},"content":{"rendered":"<p>Hier ein Link zu einem Youtubevideo, wo das Verhalten von Autofahrern an Bushaltestellen erkl\u00e4rt wird. Nach unserer Beobachtung wird dies n\u00e4mlich von dem \u00fcberwiegenden Teil der Autofahrer falsch gemacht. Da unsere Kinder mit dem Bus zum Schwimmen, zu Ausfl\u00fcgen oder auch zur Jugendverkehrsschule fahren, tr\u00e4gt dies vielleicht zu etwas mehr Sicherheit bei.<br \/>\nHier der Link: <a href=\"https:\/\/www.youtube.com\/watch?v=EPEi7N3gDvg\">https:\/\/www.youtube.com\/watch?v=EPEi7N3gDvg<\/a><\/p>\n<p>&nbsp;<\/p>\n<div class=\"pdfprnt-buttons pdfprnt-buttons-page pdfprnt-bottom-right\"><a href=\"https:\/\/kleinespechte.de\/spechtblog\/wp-json\/wp\/v2\/pages\/5219?print=print\" class=\"pdfprnt-button pdfprnt-button-print\" target=\"_blank\" ><img decoding=\"async\" src=\"https:\/\/kleinespechte.de\/spechtblog\/wp-content\/plugins\/pdf-print\/images\/print.png\" alt=\"image_print\" title=\"Inhalt drucken\" \/><\/a><\/div>","protected":false},"excerpt":{"rendered":"<p>Hier ein Link zu einem Youtubevideo, wo das Verhalten von Autofahrern an Bushaltestellen erkl\u00e4rt wird. Nach unserer Beobachtung wird dies n\u00e4mlich von dem \u00fcberwiegenden Teil der Autofahrer falsch gemacht. Da unsere Kinder mit dem Bus zum Schwimmen, zu Ausfl\u00fcgen oder auch zur Jugendverkehrsschule fahren, tr\u00e4gt dies vielleicht zu etwas mehr Sicherheit bei. Hier der Link: &hellip; <\/p>\n<p class=\"link-more\"><a href=\"https:\/\/kleinespechte.de\/spechtblog\/elterninfos\/verhalten-von-autofahrern-an-bushaltestellen\/\" class=\"more-link\"><span class=\"screen-reader-text\">\u201eVerhalten von Autofahrern an Bushaltestellen\u201c <\/span>weiterlesen<\/a><\/p>\n","protected":false},"author":3,"featured_media":0,"parent":112,"menu_order":1000,"comment_status":"closed","ping_status":"closed","template":"","meta":{"footnotes":""},"class_list":["post-5219","page","type-page","status-publish","hentry"],"_links":{"self":[{"href":"https:\/\/kleinespechte.de\/spechtblog\/wp-json\/wp\/v2\/pages\/5219","targetHints":{"allow":["GET"]}}],"collection":[{"href":"https:\/\/kleinespechte.de\/spechtblog\/wp-json\/wp\/v2\/pages"}],"about":[{"href":"https:\/\/kleinespechte.de\/spechtblog\/wp-json\/wp\/v2\/types\/page"}],"author":[{"embeddable":true,"href":"https:\/\/kleinespechte.de\/spechtblog\/wp-json\/wp\/v2\/users\/3"}],"replies":[{"embeddable":true,"href":"https:\/\/kleinespechte.de\/spechtblog\/wp-json\/wp\/v2\/comments?post=5219"}],"version-history":[{"count":3,"href":"https:\/\/kleinespechte.de\/spechtblog\/wp-json\/wp\/v2\/pages\/5219\/revisions"}],"predecessor-version":[{"id":5222,"href":"https:\/\/kleinespechte.de\/spechtblog\/wp-json\/wp\/v2\/pages\/5219\/revisions\/5222"}],"up":[{"embeddable":true,"href":"https:\/\/kleinespechte.de\/spechtblog\/wp-json\/wp\/v2\/pages\/112"}],"wp:attachment":[{"href":"https:\/\/kleinespechte.de\/spechtblog\/wp-json\/wp\/v2\/media?parent=5219"}],"curies":[{"name":"wp","href":"https:\/\/api.w.org\/{rel}","templated":true}]}}