{"id":69,"date":"2009-12-10T19:16:20","date_gmt":"2009-12-10T17:16:20","guid":{"rendered":"http:\/\/kleinespechte.de\/spechtblog\/?page_id=69"},"modified":"2025-11-02T13:04:05","modified_gmt":"2025-11-02T11:04:05","slug":"ueber-die-schule","status":"publish","type":"page","link":"https:\/\/kleinespechte.de\/spechtblog\/schulportfolio\/ueber-die-schule\/","title":{"rendered":"\u00dcber die Schule"},"content":{"rendered":"<p><strong>Schulbeschreibung:<\/strong><\/p>\n<p>Die Grundschule Spechbach ist eine einz\u00fcgige Grundschule am Rande des Kraichgaus in der N\u00e4he Heidelbergs, &#8222;middezwischedrin\u00a9&#8220; in der Metropolregion Rhein-Neckar. Unsere Sch\u00fcler kommen fast ausschlie\u00dflich aus der politisch selbst\u00e4ndigen Gemeinde Spechbach.<\/p>\n<p>Die noch vor wenigen Jahren f\u00fcr den l\u00e4ndlichen Raum typische Lebenssituation und das klassische soziale Gef\u00fcge der Kinder hat sich auch hier im Dorf bereits gewandelt. L\u00e4ngst nicht alle Kinder leben in traditionellen Gro\u00dffamilien. Die Kernzeitbetreuung f\u00fcr unsere Sch\u00fcler im benachbarten alten Kindergarten vor dem Unterricht wird von immer mehr Familien in Anspruch genommen. Um dieser Entwicklung weiter gerecht zu werden haben wir zus\u00e4tzlich an der Schule durch ehrenamtlich Hilfe einen kosteng\u00fcnstigen <a title=\"Mitagstisch\" href=\"http:\/\/kleinespechte.de\/spechtblog\/wp-content\/uploads\/2011\/10\/Mittagstisch_Flyer_neu.pdf\" target=\"_blank\" rel=\"noopener noreferrer\"><strong><em>Mittagstisch<\/em><\/strong><\/a>, sowie eine t\u00e4gliche Kernzeit bis 16.00 Uhr eingef\u00fchrt.<\/p>\n<p>Zurzeit besuchen etwa 80 Kinder die vier eigenst\u00e4ndigen Klassen, sie werden von 5 hauptberuflichen Kollegen unterrichtet.<br \/>\nDer Schulf\u00f6rderverein unterst\u00fctzt uns personell und finanziell bei vielen Aktivit\u00e4ten. Die Schule pflegt eine enge Kooperation mit mehreren \u00f6rtlichen Vereinen und der Feuerwehr. So bilden unsere Sch\u00fcler einen festen Teil des kulturellen Lebens der Gemeinde Spechbach. Das Schulgeb\u00e4ude liegt am Rande des Ortszentrums direkt neben dem Kindergarten und der Sporthalle. Neben den vier Klassenr\u00e4umen sind wir mit einer Schulk\u00fcche ausgestattet. Das Geb\u00e4ude selbst stammt aus dem 19. Jahrhundert.\u00a0 Es wurde aber mehrmals umgebaut und erweitert.<\/p>\n<hr size=\"1\" \/>\n<address><a href=\"#_ftnref1\">[1]<\/a> Der vorliegende Text bezieht sich gleicherma\u00dfen auf m\u00e4nnliche und weibliche Personen. Alleine aus Gr\u00fcnden der besseren Lesbarkeit wurde auf die unn\u00f6tige zweifache Schreibweise verzichtet.<\/address>\n<hr size=\"1\" \/>\n<p align=\"center\"><strong>Situation der Schule im Verh\u00e4ltnis zum Schultr\u00e4ger<\/strong><\/p>\n<p>&nbsp;<\/p>\n<p>Der Schultr\u00e4ger, die Gemeinde Spechbach, unterst\u00fctzt die Grundschule nach Kr\u00e4ften, so haben wir in j\u00fcngster Zeit die Sicherheit im Geb\u00e4ude durch eine neue Brandmeldeanlage sowie einer modernen Schlie\u00dfanlage verbessert.<br \/>\nSchule und Schultr\u00e4ger arbeiten eng miteinander zusammen. Speziell nicht lehrendes Personal wie z.B. einen Hausmeister gibt es nicht. Der \u00f6rtliche Bauhof ist uns mit seinen Mitarbeitern behilflich, wann immer Hilfe gebraucht wird. Die Geb\u00e4udereinigung ist nicht privatisiert, sondern \u00fcber den Bauhof organisiert. Wir haben ein sehr sauberes Schulgeb\u00e4ude und unser Hygieneplan \u00fcbertrifft die aktuell g\u00fcltigen Standards.\u00a0 Die Gemeinde Spechbach hat kein eigenes Schwimmbad, dennoch findet w\u00f6chentlich in der zweiten Klasse Schwimmunterricht statt, da dem Tr\u00e4ger der\u00a0 Teilbereich des Fachs BSS wichtig ist. Den Eintritt f\u00fcr die Kinder in das benachbarte Hallenbad Epfenbach finanziert die Gemeinde. Auch der gemeindeeigene Revierf\u00f6rster unterst\u00fctzt die p\u00e4dagogische Arbeit der Schule. Er bietet f\u00fcr alle Klassen themenorientierte Lerng\u00e4nge an.<br \/>\nDie Schule beteiligt sich aktiv und auf vielf\u00e4ltige Weise am kulturellen Leben der Gemeinde. Folgende \u00f6ffentliche Aktivit\u00e4ten finden im Jahreslauf durch oder mit Unterst\u00fctzung der Schule und des Schulf\u00f6rdervereins statt:<\/p>\n<ul>\n<li>Kinderfasching<\/li>\n<li>Auftritte \/ Pr\u00e4sentation bei Gemeindefesten wie Neujahrsempfang, Jubil\u00e4en, Einweihungen, Altennachmittag<\/li>\n<li>Sommerpr\u00e4sentation \/ Musical \/ Winterpr\u00e4sentationen<\/li>\n<li>Drachenfest<\/li>\n<li>Er\u00f6ffnung des \u00f6rtlichen Weihnachtsmarkts<\/li>\n<li>\u00d6kumenischer Weihnachtsgottesdienst in der Kirche<\/li>\n<\/ul>\n<div class=\"pdfprnt-buttons pdfprnt-buttons-page pdfprnt-bottom-right\"><a href=\"https:\/\/kleinespechte.de\/spechtblog\/wp-json\/wp\/v2\/pages\/69?print=print\" class=\"pdfprnt-button pdfprnt-button-print\" target=\"_blank\" ><img decoding=\"async\" src=\"https:\/\/kleinespechte.de\/spechtblog\/wp-content\/plugins\/pdf-print\/images\/print.png\" alt=\"image_print\" title=\"Inhalt drucken\" \/><\/a><\/div>","protected":false},"excerpt":{"rendered":"<p>Schulbeschreibung: Die Grundschule Spechbach ist eine einz\u00fcgige Grundschule am Rande des Kraichgaus in der N\u00e4he Heidelbergs, &#8222;middezwischedrin\u00a9&#8220; in der Metropolregion Rhein-Neckar. Unsere Sch\u00fcler kommen fast ausschlie\u00dflich aus der politisch selbst\u00e4ndigen Gemeinde Spechbach. Die noch vor wenigen Jahren f\u00fcr den l\u00e4ndlichen Raum typische Lebenssituation und das klassische soziale Gef\u00fcge der Kinder hat sich auch hier im &hellip; <\/p>\n<p class=\"link-more\"><a href=\"https:\/\/kleinespechte.de\/spechtblog\/schulportfolio\/ueber-die-schule\/\" class=\"more-link\"><span class=\"screen-reader-text\">\u201e\u00dcber die Schule\u201c <\/span>weiterlesen<\/a><\/p>\n","protected":false},"author":4,"featured_media":0,"parent":16,"menu_order":2,"comment_status":"closed","ping_status":"closed","template":"","meta":{"footnotes":""},"class_list":["post-69","page","type-page","status-publish","hentry"],"_links":{"self":[{"href":"https:\/\/kleinespechte.de\/spechtblog\/wp-json\/wp\/v2\/pages\/69","targetHints":{"allow":["GET"]}}],"collection":[{"href":"https:\/\/kleinespechte.de\/spechtblog\/wp-json\/wp\/v2\/pages"}],"about":[{"href":"https:\/\/kleinespechte.de\/spechtblog\/wp-json\/wp\/v2\/types\/page"}],"author":[{"embeddable":true,"href":"https:\/\/kleinespechte.de\/spechtblog\/wp-json\/wp\/v2\/users\/4"}],"replies":[{"embeddable":true,"href":"https:\/\/kleinespechte.de\/spechtblog\/wp-json\/wp\/v2\/comments?post=69"}],"version-history":[{"count":20,"href":"https:\/\/kleinespechte.de\/spechtblog\/wp-json\/wp\/v2\/pages\/69\/revisions"}],"predecessor-version":[{"id":5490,"href":"https:\/\/kleinespechte.de\/spechtblog\/wp-json\/wp\/v2\/pages\/69\/revisions\/5490"}],"up":[{"embeddable":true,"href":"https:\/\/kleinespechte.de\/spechtblog\/wp-json\/wp\/v2\/pages\/16"}],"wp:attachment":[{"href":"https:\/\/kleinespechte.de\/spechtblog\/wp-json\/wp\/v2\/media?parent=69"}],"curies":[{"name":"wp","href":"https:\/\/api.w.org\/{rel}","templated":true}]}}